{"id":220356,"date":"2022-11-03T19:15:34","date_gmt":"2022-11-03T18:15:34","guid":{"rendered":"https:\/\/windegger.net\/privacy-policy\/"},"modified":"2025-03-06T20:53:34","modified_gmt":"2025-03-06T19:53:34","slug":"privacy-policy","status":"publish","type":"page","link":"https:\/\/windegger.net\/de\/privacy-policy\/","title":{"rendered":"Privacy Policy"},"content":{"rendered":"<p>[et_pb_section fb_built=&#8220;1&#8243; _builder_version=&#8220;4.19.5&#8243; _module_preset=&#8220;default&#8220; global_colors_info=&#8220;{}&#8220;][et_pb_row _builder_version=&#8220;4.19.5&#8243; _module_preset=&#8220;default&#8220; custom_padding=&#8220;0px|||||&#8220; global_colors_info=&#8220;{}&#8220;][et_pb_column type=&#8220;4_4&#8243; _builder_version=&#8220;4.19.5&#8243; _module_preset=&#8220;default&#8220; global_colors_info=&#8220;{}&#8220;][et_pb_accordion _builder_version=&#8220;4.27.4&#8243; _module_preset=&#8220;default&#8220; hover_enabled=&#8220;0&#8243; global_colors_info=&#8220;{}&#8220; sticky_enabled=&#8220;0&#8243;][et_pb_accordion_item title=&#8220;DATENSCHUTZERKL\u00c4RUNG \u2013 PRIVACY POLICY&#8220; open=&#8220;on&#8220; _builder_version=&#8220;4.27.4&#8243; _module_preset=&#8220;default&#8220; hover_enabled=&#8220;0&#8243; global_colors_info=&#8220;{}&#8220; sticky_enabled=&#8220;0&#8243;]<\/p>\n<p>Die Firma\u00a0<strong>Windegger Group GmbH<\/strong>, mit Sitz in 39020 Glurns (BZ), Punistrasse 19, als <strong>Inhaber<\/strong> der Datenverarbeitung (nachfolgend \u201e<strong><em>Inhaber<\/em><\/strong>\u201e), informiert Sie gem\u00e4\u00df Art. 13 EU-Verordnung Nr. 2016\/679 (im Folgenden \u201e<strong>GDPR<\/strong>\u201e), dass Ihre Daten auf folgende Weise und zu folgenden Zwecken verarbeitet werden:<\/p>\n<p>[\/et_pb_accordion_item][et_pb_accordion_item title=&#8220;1. Gegenstand der Behandlung&#8220; _builder_version=&#8220;4.27.3&#8243; _module_preset=&#8220;default&#8220; global_colors_info=&#8220;{}&#8220; open=&#8220;off&#8220;]<\/p>\n<p>Der\u00a0<strong>Inhaber<\/strong>\u00a0verarbeitet die von Ihnen bei der Vertragsgestaltung f\u00fcr die Produkte\/Dienstleistungen des\u00a0<strong>Inhabers<\/strong>\u00a0mitgeteilten personenbezogenen Daten (z.B. Name, Vorname, Firmenname, Anschrift, Telefon-Nummer, Handy-Nummer, Fax-Nummer, E-Mail, PEC-Mail, SDI-Kodex, Steuernummer, MwSt. Nummer, Bank- und Zahlungsinformationen \u2013 im Folgenden \u201e<strong>personenbezogene Daten<\/strong>\u201c oder auch \u201e<strong>Daten<\/strong>\u201e).<\/p>\n<p>[\/et_pb_accordion_item][et_pb_accordion_item title=&#8220;2. Zweck der Behandlung&#8220; _builder_version=&#8220;4.27.4&#8243; _module_preset=&#8220;default&#8220; hover_enabled=&#8220;0&#8243; global_colors_info=&#8220;{}&#8220; open=&#8220;off&#8220; sticky_enabled=&#8220;0&#8243;]<\/p>\n<p>Ihre pers\u00f6nlichen Daten werden verarbeitet:<\/p>\n<p>&nbsp;<\/p>\n<p><strong>A)\u00a0<\/strong>gem\u00e4\u00df Artikel 6 b) und c) GDPR f\u00fcr folgende Zwecke:<\/p>\n<p>\u2013 Ausf\u00fchrung des Vertragsgegenstandes, an dem Sie beteiligt sind, oder Durchf\u00fchrung vorvertraglicher Ma\u00dfnahmen auf Ihren Wunsch;<\/p>\n<p>\u2013 Erf\u00fcllung vorvertraglicher, vertraglicher und steuerlicher Verpflichtungen aus den mit Ihnen laufenden Beziehungen;<\/p>\n<p>\u2013 Einhaltung von Verpflichtungen, die sich aus Gesetzen, Verordnungen, EU-Rechtsvorschriften oder einer Anordnung der Beh\u00f6rde ergeben (z.B. im Bereich der Geldw\u00e4schebek\u00e4mpfung);<\/p>\n<p>\u2013 die Aus\u00fcbung der Rechte des\u00a0<strong>Inhabers<\/strong>, wie z.B. das Recht auf Verteidigung in Gerichtsverfahren;<\/p>\n<p>&nbsp;<\/p>\n<p>Wir informieren Sie, dass wir Ihnen, wenn Sie bereits unser Kunde sind, kommerzielle Mitteilungen \u00fcber Produkte\/Dienstleistungen des\u00a0<strong>Inhabers<\/strong>\u00a0senden k\u00f6nnen, die denen entsprechen, die Sie bereits bei uns durch eine fr\u00fchere Gesch\u00e4ftsbeziehung gekauft haben, es sei denn, Sie sind anderer Meinung.<\/p>\n<p>&nbsp;<\/p>\n<p><strong>B)\u00a0<\/strong>Nur mit Ihrer ausdr\u00fccklichen und gesonderten Zustimmung (Art. 7 GDPR), f\u00fcr die folgenden Marketingzwecke:<\/p>\n<p>\u2013 Ihnen per Newsletter, E-Mail, Post, SMS, Facebook Messenger, Instagram, LinkedIn Messenger, WhatsApp Messenger und\/oder Telefonkontakte, kommerzielle Mitteilungen und\/oder Werbematerial \u00fcber die vom\u00a0<strong>Inhaber<\/strong>\u00a0der Datenverarbeitung angebotenen Produkte\/Dienstleistungen zu zusenden und das Niveau der Zufriedenheit mit der Qualit\u00e4t der Produkte\/Dienstleistungen zu ermitteln;<\/p>\n<p>[\/et_pb_accordion_item][et_pb_accordion_item title=&#8220;3. Behandlungsmodalit\u00e4ten&#8220; _builder_version=&#8220;4.27.4&#8243; _module_preset=&#8220;default&#8220; hover_enabled=&#8220;0&#8243; global_colors_info=&#8220;{}&#8220; open=&#8220;off&#8220; sticky_enabled=&#8220;0&#8243;]<\/p>\n<p>Die Verarbeitung Ihrer pers\u00f6nlichen Daten erfolgt durch die in (Art. 4 n. 2) GDPR) und insbesondere: Erhebung, Erfassung, Organisation, Speicherung, Konsultation, Verarbeitung, \u00c4nderung, Auswahl, Extraktion, Vergleich, Nutzung, Zusammenschaltung, Sperrung, Kommunikation, L\u00f6schung und Vernichtung von Daten. Ihre pers\u00f6nlichen Daten werden sowohl auf Papier als auch elektronisch und\/oder automatisiert verarbeitet.<\/p>\n<p>&nbsp;<\/p>\n<p>Der\u00a0<strong>Inhaber<\/strong>\u00a0wird personenbezogene Daten f\u00fcr die zur Erf\u00fcllung der oben genannten Zwecke erforderliche Zeit, in jedem Fall jedoch nicht l\u00e4nger als 10 Jahre nach Beendigung der Beziehung f\u00fcr die angegebenen Zwecke und nicht l\u00e4nger als 3 Jahre nach Erhebung der Daten f\u00fcr die Marketingzwecke verarbeiten.<\/p>\n<p>[\/et_pb_accordion_item][et_pb_accordion_item title=&#8220;4. Zugang zu den Daten&#8220; _builder_version=&#8220;4.27.4&#8243; _module_preset=&#8220;default&#8220; hover_enabled=&#8220;0&#8243; global_colors_info=&#8220;{}&#8220; open=&#8220;off&#8220; sticky_enabled=&#8220;0&#8243;]<\/p>\n<p>Ihre Daten k\u00f6nnen f\u00fcr die in Art. 2.A) und 2. B) zug\u00e4nglich sein:<\/p>\n<p>\u2013 \u00a0an Angestellte und Mitarbeiter des\u00a0<strong>Inhabers<\/strong>\u00a0der in Italien und im Ausland, in ihrer Eigenschaft als autorisierte und\/oder interne Daten Verarbeiter und\/oder Systemadministratoren;<\/p>\n<p>\u2013\u00a0 an dritte Unternehmen oder andere Subjekte (z.B. Kreditinstitute, Fachstudien, Berater, Versicherungsgesellschaften f\u00fcr die Erbringung von Versicherungsdienstleistungen usw.), die als externe Daten Verarbeiter Outsourcing-Aktivit\u00e4ten im Auftrag des\u00a0<strong>Inhabers<\/strong>\u00a0durchf\u00fchren.<\/p>\n<p>[\/et_pb_accordion_item][et_pb_accordion_item title=&#8220;5. Daten\u00fcbermittlung&#8220; _builder_version=&#8220;4.27.4&#8243; _module_preset=&#8220;default&#8220; hover_enabled=&#8220;0&#8243; global_colors_info=&#8220;{}&#8220; open=&#8220;off&#8220; sticky_enabled=&#8220;0&#8243;]<\/p>\n<p>Ohne ausdr\u00fcckliche Einwilligung (ex Art. 6 lit. b) und c) GDPR) kann der\u00a0<strong>Inhaber<\/strong>\u00a0Ihre Daten f\u00fcr die im Art. 2.A) an Aufsichtsbeh\u00f6rden, Justizbeh\u00f6rden, Versicherungsgesellschaften f\u00fcr die Erbringung von Versicherungsdienstleistungen sowie an diejenigen Personen, denen die Mitteilung zur Erf\u00fcllung dieser Zwecke gesetzlich vorgeschrieben ist, mitteilen. Diese Personen werden die Daten in ihrer Eigenschaft als autonome Datenverantwortliche verarbeiten.<\/p>\n<p>Ihre Daten werden nicht weitergegeben.<\/p>\n<p>[\/et_pb_accordion_item][et_pb_accordion_item title=&#8220;6. Daten\u00fcbernahme&#8220; _builder_version=&#8220;4.27.4&#8243; _module_preset=&#8220;default&#8220; hover_enabled=&#8220;0&#8243; global_colors_info=&#8220;{}&#8220; open=&#8220;off&#8220; sticky_enabled=&#8220;0&#8243;]<\/p>\n<p>Personenbezogene Daten werden auf Papier als auch elektronisch und\/oder automatisiert im Rechtssitz des <strong>Inhabers <\/strong>verarbeitet, und innerhalb der Europ\u00e4ischen Union gespeichert.\u00a0Personenbezogene Daten, welche mittels E-Mail oder Kontaktformular auf unserer Webseite uns erreichen, werden auf Servern der der Aruba S.P.A. in Arezzo, Rom und Mailand (Italien) innerhalb der Europ\u00e4ischen Union gespeichert. Personenbezogene Daten, welche mittels PEC-Mail uns erreichen, werden auf Servern der Aruba S.P.A. in Arezzo, Rom und Mailand (Italien) innerhalb der Europ\u00e4ischen Union gespeichert.<\/p>\n<p>[\/et_pb_accordion_item][et_pb_accordion_item title=&#8220;7. Art der Daten\u00fcbermittlung und Folgen der Verweigerung der Beantwortung&#8220; _builder_version=&#8220;4.27.4&#8243; _module_preset=&#8220;default&#8220; hover_enabled=&#8220;0&#8243; global_colors_info=&#8220;{}&#8220; open=&#8220;off&#8220; sticky_enabled=&#8220;0&#8243;]<\/p>\n<p>Die \u00dcbermittlung von Daten f\u00fcr die in Art. 2.A) ist obligatorisch. In deren Abwesenheit k\u00f6nnen wir die Ausf\u00fchrung des Vertrages gem\u00e4\u00df Art. 2.A) nicht garantieren.<\/p>\n<p>Die \u00dcbermittlung von Daten f\u00fcr die in Art. 2.B) ist optional. Sie k\u00f6nnen daher beschlie\u00dfen, keine Daten zur Verf\u00fcgung zu stellen oder nachtr\u00e4glich die M\u00f6glichkeit der Verarbeitung bereits \u00fcbermittelter Daten zu verweigern: In diesem Fall d\u00fcrfen Sie keine Newsletter, kommerzielle Mitteilungen und Werbematerialien zu den vom\u00a0<strong>Inhaber <\/strong>angebotenen Produkten\/Dienstleistungen erhalten. Sie haben in jedem Fall weiterhin Anspruch auf die in Art. 2.A) enthaltene Produkte\/Serviceleistungen.<\/p>\n<p>[\/et_pb_accordion_item][et_pb_accordion_item title=&#8220;8. Rechte des Betroffenen&#8220; _builder_version=&#8220;4.27.4&#8243; _module_preset=&#8220;default&#8220; hover_enabled=&#8220;0&#8243; global_colors_info=&#8220;{}&#8220; open=&#8220;off&#8220; sticky_enabled=&#8220;0&#8243;]<\/p>\n<p>Als Betroffene haben Sie die Rechte nach Art. 15 GDPR, n\u00e4mlich die Rechte an:<\/p>\n<ol>\n<li>eine Best\u00e4tigung \u00fcber das Vorhandensein oder Nichtvorhandensein von pers\u00f6nlichen Daten, die Sie betreffen, auch wenn diese noch nicht gespeichert sind, und deren \u00dcbermittlung in verst\u00e4ndlicher Form zu erhalten;<\/li>\n<\/ol>\n<p>&nbsp;<\/p>\n<ol start=\"2\">\n<li>Angaben \u00fcber: a) die Herkunft der personenbezogenen Daten; b) die Zwecke und Methoden der Verarbeitung; c) die angewandte Logik bei der Verarbeitung mit Hilfe elektronischer Instrumente; d) die Identifikationsdaten des\u00a0<strong>Inhabers<\/strong>, der Gesch\u00e4ftsf\u00fchrer und des gem\u00e4\u00df Art. 3 Absatz 1 GDPR; e) die Personen oder Kategorien von Personen, denen die personenbezogenen Daten mitgeteilt werden k\u00f6nnen oder die als benannter oder erm\u00e4chtigter Vertreter im Hoheitsgebiet des Staates davon Kenntnis erlangen k\u00f6nnen;<\/li>\n<\/ol>\n<p>&nbsp;<\/p>\n<ol start=\"3\">\n<li>erhalten: a) die Aktualisierung, Berichtigung oder, falls interessiert, Erg\u00e4nzung der Daten; b) die L\u00f6schung, Anonymisierung oder Sperrung von Daten, die rechtswidrig verarbeitet wurden, einschlie\u00dflich Daten, deren Aufbewahrung f\u00fcr die Zwecke, f\u00fcr die sie erhoben oder sp\u00e4ter verarbeitet wurden, nicht erforderlich ist; c) die Bescheinigung, dass die unter den Buchstaben a) und b) genannten Vorg\u00e4nge auch inhaltlich den Stellen mitgeteilt wurden, denen die Daten \u00fcbermittelt oder verbreitet wurden, es sei denn, diese Anforderung erweist sich als unm\u00f6glich oder ist mit einem im Vergleich zu dem zu sch\u00fctzenden Recht offensichtlich unverh\u00e4ltnism\u00e4\u00dfigen Aufwand verbunden;<\/li>\n<\/ol>\n<p>&nbsp;<\/p>\n<ol start=\"4\">\n<li>sich ganz oder teilweise zu widersetzen: a) aus legitimen Gr\u00fcnden der Verarbeitung personenbezogener Daten, die Sie betreffen, auch wenn sie dem Zweck der Erhebung dienen; b) der Verarbeitung personenbezogener Daten, die Sie betreffen, zum Zwecke des Versands von Werbematerial oder des Direktverkaufs oder zur Durchf\u00fchrung von Marktforschung oder kommerzieller Kommunikation, per E-Mail und \/ oder durch herk\u00f6mmliche Marketingmethoden per Telefon, WhatsApp Messenger, Facebook Messenger, Instagram, LinkedIn Messenger und\/oder Post.<\/li>\n<\/ol>\n<p>&nbsp;<\/p>\n<p>Gegebenenfalls haben Sie auch die Rechte gem\u00e4\u00df Artikel 16-21 GDPR (Recht auf Berichtigung, Recht auf Vergessen, Recht auf Einschr\u00e4nkung der Verarbeitung, Recht auf Daten\u00fcbertragbarkeit, Recht auf Widerspruch) sowie das Recht auf Beschwerde bei der Datenschutzbeh\u00f6rde.<\/p>\n<p>[\/et_pb_accordion_item][et_pb_accordion_item title=&#8220;9. Methoden der Rechtsaus\u00fcbung&#8220; _builder_version=&#8220;4.27.4&#8243; _module_preset=&#8220;default&#8220; hover_enabled=&#8220;0&#8243; global_colors_info=&#8220;{}&#8220; open=&#8220;off&#8220; sticky_enabled=&#8220;0&#8243;]<\/p>\n<p>Sie k\u00f6nnen Ihre Rechte jederzeit durch Senden aus\u00fcben:<\/p>\n<p>\u2013 einen eingeschriebenen Brief mit R\u00fcckschein an die Adresse des Sitzes des\u00a0<strong>Inhabers<\/strong>;<\/p>\n<p>\u2013 eine E-Mail an info@windegger.net oder an die zertifizierte Email: info@pec.windegger.net<\/p>\n<p>[\/et_pb_accordion_item][et_pb_accordion_item title=&#8220;10. Inhaber, Verantwortliche und Beauftragte&#8220; _builder_version=&#8220;4.27.4&#8243; _module_preset=&#8220;default&#8220; hover_enabled=&#8220;0&#8243; global_colors_info=&#8220;{}&#8220; open=&#8220;off&#8220; sticky_enabled=&#8220;0&#8243;]<\/p>\n<p>Die Firma\u00a0<strong>Windegger Group GmbH<\/strong>, mit Sitz in 39020 Glurns (BZ), Punistrasse 19,<\/p>\n<p>Der Verantwortliche f\u00fcr die Datenverarbeitung ist <strong>Windegger Armin<\/strong>.<\/p>\n<p>[\/et_pb_accordion_item][\/et_pb_accordion][\/et_pb_column][\/et_pb_row][\/et_pb_section]<\/p>\n","protected":false},"excerpt":{"rendered":"<p>Die Firma\u00a0Windegger Group GmbH, mit Sitz in 39020 Glurns (BZ), Punistrasse 19, als Inhaber der Datenverarbeitung (nachfolgend \u201eInhaber\u201e), informiert Sie gem\u00e4\u00df Art. 13 EU-Verordnung Nr. 2016\/679 (im Folgenden \u201eGDPR\u201e), dass Ihre Daten auf folgende Weise und zu folgenden Zwecken verarbeitet werden:Der\u00a0Inhaber\u00a0verarbeitet die von Ihnen bei der Vertragsgestaltung f\u00fcr die Produkte\/Dienstleistungen des\u00a0Inhabers\u00a0mitgeteilten personenbezogenen Daten (z.B. Name, [&hellip;]<\/p>\n","protected":false},"author":1,"featured_media":0,"parent":0,"menu_order":0,"comment_status":"closed","ping_status":"open","template":"","meta":{"_et_pb_use_builder":"on","_et_pb_old_content":"","_et_gb_content_width":"","footnotes":""},"class_list":["post-220356","page","type-page","status-publish","hentry"],"_links":{"self":[{"href":"https:\/\/windegger.net\/de\/wp-json\/wp\/v2\/pages\/220356","targetHints":{"allow":["GET"]}}],"collection":[{"href":"https:\/\/windegger.net\/de\/wp-json\/wp\/v2\/pages"}],"about":[{"href":"https:\/\/windegger.net\/de\/wp-json\/wp\/v2\/types\/page"}],"author":[{"embeddable":true,"href":"https:\/\/windegger.net\/de\/wp-json\/wp\/v2\/users\/1"}],"replies":[{"embeddable":true,"href":"https:\/\/windegger.net\/de\/wp-json\/wp\/v2\/comments?post=220356"}],"version-history":[{"count":2,"href":"https:\/\/windegger.net\/de\/wp-json\/wp\/v2\/pages\/220356\/revisions"}],"predecessor-version":[{"id":220358,"href":"https:\/\/windegger.net\/de\/wp-json\/wp\/v2\/pages\/220356\/revisions\/220358"}],"wp:attachment":[{"href":"https:\/\/windegger.net\/de\/wp-json\/wp\/v2\/media?parent=220356"}],"curies":[{"name":"wp","href":"https:\/\/api.w.org\/{rel}","templated":true}]}}