{"id":220007,"date":"2022-12-21T18:44:29","date_gmt":"2022-12-21T17:44:29","guid":{"rendered":"http:\/\/windegger.panel01bz.it-service.bz.it\/logistics\/"},"modified":"2024-11-19T22:34:23","modified_gmt":"2024-11-19T21:34:23","slug":"logistics","status":"publish","type":"page","link":"https:\/\/windegger.net\/de\/logistics\/","title":{"rendered":"Logistics"},"content":{"rendered":"<p>[et_pb_section fb_built=&#8220;1&#8243; custom_padding_last_edited=&#8220;on|phone&#8220; admin_label=&#8220;Header&#8220; _builder_version=&#8220;4.23&#8243; _module_preset=&#8220;default&#8220; use_background_color_gradient=&#8220;on&#8220; background_color_gradient_stops=&#8220;rgba(18,17,93,0.4) 90%|#808080 100%&#8220; background_color_gradient_overlays_image=&#8220;on&#8220; background_color_gradient_start=&#8220;rgba(18,17,93,0.4)&#8220; background_color_gradient_end=&#8220;rgba(18,17,93,0.92)&#8220; background_image=&#8220;https:\/\/windegger.net\/wp-content\/uploads\/2023\/02\/transport.jpg&#8220; custom_padding=&#8220;230px||230px||true|&#8220; custom_padding_tablet=&#8220;100px||||false|false&#8220; custom_padding_phone=&#8220;60px||||false|false&#8220; use_background_color_gradient_tablet=&#8220;on&#8220; background_color_gradient_stops_tablet=&#8220;rgba(255,255,255,0.6) 0%|rgba(255,255,255,0.6) 100%&#8220; background_color_gradient_start_tablet=&#8220;rgba(255,255,255,0.6)&#8220; background_color_gradient_end_tablet=&#8220;rgba(255,255,255,0.6)&#8220; locked=&#8220;off&#8220; global_colors_info=&#8220;{}&#8220;][et_pb_row column_structure=&#8220;1_2,1_2&#8243; _builder_version=&#8220;4.19.4&#8243; _module_preset=&#8220;default&#8220; locked=&#8220;off&#8220; global_colors_info=&#8220;{}&#8220;][et_pb_column type=&#8220;1_2&#8243; _builder_version=&#8220;4.16&#8243; _module_preset=&#8220;default&#8220; global_colors_info=&#8220;{}&#8220;][\/et_pb_column][et_pb_column type=&#8220;1_2&#8243; _builder_version=&#8220;4.16&#8243; _module_preset=&#8220;default&#8220; global_colors_info=&#8220;{}&#8220;][et_pb_image src=&#8220;https:\/\/windegger.net\/wp-content\/uploads\/2024\/11\/W_Logistic-1.png&#8220; title_text=&#8220;W_Logistic&#8220; _builder_version=&#8220;4.27.3&#8243; _module_preset=&#8220;default&#8220; hover_enabled=&#8220;0&#8243; global_colors_info=&#8220;{}&#8220; align=&#8220;right&#8220; sticky_enabled=&#8220;0&#8243;][\/et_pb_image][\/et_pb_column][\/et_pb_row][\/et_pb_section][et_pb_section fb_built=&#8220;1&#8243; admin_label=&#8220;Feature&#8220; _builder_version=&#8220;4.16&#8243; _module_preset=&#8220;default&#8220; locked=&#8220;off&#8220; global_colors_info=&#8220;{}&#8220;][et_pb_row _builder_version=&#8220;4.16&#8243; _module_preset=&#8220;default&#8220; global_colors_info=&#8220;{}&#8220;][et_pb_column type=&#8220;4_4&#8243; _builder_version=&#8220;4.16&#8243; _module_preset=&#8220;default&#8220; global_colors_info=&#8220;{}&#8220;][et_pb_text _builder_version=&#8220;4.23&#8243; _module_preset=&#8220;1d866de3-b108-4c5f-bed3-2da9506a6915&#8243; text_text_color=&#8220;#000000&#8243; text_font_size=&#8220;18px&#8220; header_font=&#8220;||||||||&#8220; header_3_text_color=&#8220;#FFFFFF&#8220; header_4_font=&#8220;Merriweather||||||||&#8220; header_4_text_color=&#8220;#FFFFFF&#8220; header_4_line_height=&#8220;1.8em&#8220; header_4_font_size_tablet=&#8220;16px&#8220; header_4_font_size_phone=&#8220;14px&#8220; header_4_font_size_last_edited=&#8220;on|tablet&#8220; locked=&#8220;off&#8220; global_colors_info=&#8220;{}&#8220;]<\/p>\n<p>Die Windegger Group ist darauf spezialisiert, den Transport von gef\u00e4hrlichen und nicht gef\u00e4hrlichen Abf\u00e4llen sowie den G\u00fctertransport f\u00fcr Privatpersonen und Unternehmen auf lokaler, nationaler und internationaler Ebene zu organisieren und durchzuf\u00fchren. Die langj\u00e4hrige Erfahrung im Transportsektor hat es dem Unternehmen erm\u00f6glicht, ein weitreichendes und stabiles Netzwerk von Verbindungen zwischen Norditalien und S\u00fcddeutschland aufzubauen und zu implementieren. Unsere Mitarbeiter werden sorgf\u00e4ltig ausgew\u00e4hlt und geschult, um sicherzustellen, dass der hohe Qualit\u00e4tsstandard des Unternehmens immer eingehalten wird und sich in p\u00fcnktlichen und sicheren Transporten widerspiegelt. <\/p>\n<p>In diesem Zusammenhang werden unsere Fahrzeuge st\u00e4ndig durch die interne Werkstatt der Windegger Repair Abteilung \u00fcberpr\u00fcft und gewartet.<\/p>\n<p>[\/et_pb_text][et_pb_button button_url=&#8220;@ET-DC@eyJkeW5hbWljIjp0cnVlLCJjb250ZW50IjoicG9zdF9saW5rX3VybF9wYWdlIiwic2V0dGluZ3MiOnsicG9zdF9pZCI6IjI1NiJ9fQ==@&#8220; button_text=&#8220;Windegger Repair&#8220; _builder_version=&#8220;4.23&#8243; _dynamic_attributes=&#8220;button_url&#8220; _module_preset=&#8220;default&#8220; custom_button=&#8220;on&#8220; button_text_color=&#8220;#000000&#8243; global_colors_info=&#8220;{}&#8220;][\/et_pb_button][et_pb_text _builder_version=&#8220;4.23&#8243; _module_preset=&#8220;1d866de3-b108-4c5f-bed3-2da9506a6915&#8243; text_text_color=&#8220;#000000&#8243; text_font_size=&#8220;18px&#8220; header_font=&#8220;||||||||&#8220; header_3_text_color=&#8220;#FFFFFF&#8220; header_4_font=&#8220;Merriweather||||||||&#8220; header_4_text_color=&#8220;#FFFFFF&#8220; header_4_line_height=&#8220;1.8em&#8220; header_4_font_size_tablet=&#8220;16px&#8220; header_4_font_size_phone=&#8220;14px&#8220; header_4_font_size_last_edited=&#8220;on|tablet&#8220; locked=&#8220;off&#8220; global_colors_info=&#8220;{}&#8220;]<\/p>\n<p>Unser Fuhrpark besteht aus 18 verschiedenen Fahrzeugtypen, darunter Lastwagen mit Anh\u00e4ngern, M\u00f6belwagen, Tanks, Abrollcontainer und Absetzcontainer mit Kran. Wir bieten einen Containerverleih-Service sowohl f\u00fcr Privatpersonen als auch f\u00fcr Unternehmen an; wir f\u00fchren Lasten durch, indem wir unsere mit Kranen ausgestatteten Fahrzeuge verwenden. Wir sammeln auch ausgediente Reifen f\u00fcr Konsortien in der gesamten Provinz und im gesamten italienischen Gebiet und arbeiten dabei mit den gr\u00f6\u00dften und wichtigsten italienischen Konsortien f\u00fcr Altreifen zusammen. Daher k\u00f6nnen wir Ihnen einen wettbewerbsf\u00e4higen, umfassenden und vollst\u00e4ndig personalisierten Service entsprechend Ihren individuellen Bed\u00fcrfnissen anbieten.<\/p>\n<p>Die Windegger Group ist ordnungsgem\u00e4\u00df im Umweltmanager-Register f\u00fcr den Eigen- und Fremdtransport eingetragen, sowohl f\u00fcr den Transport von nicht gef\u00e4hrlichen Sonderabf\u00e4llen (Kategorie 4) als auch gef\u00e4hrlichen Abf\u00e4llen (Kategorie 5) und f\u00fcr den Transport von st\u00e4dtischen und assimilierten Abf\u00e4llen (Kategorie 1).<\/p>\n<p>[\/et_pb_text][\/et_pb_column][\/et_pb_row][\/et_pb_section]<\/p>\n","protected":false},"excerpt":{"rendered":"<p>Die Windegger Group ist darauf spezialisiert, den Transport von gef\u00e4hrlichen und nicht gef\u00e4hrlichen Abf\u00e4llen sowie den G\u00fctertransport f\u00fcr Privatpersonen und Unternehmen auf lokaler, nationaler und internationaler Ebene zu organisieren und durchzuf\u00fchren. Die langj\u00e4hrige Erfahrung im Transportsektor hat es dem Unternehmen erm\u00f6glicht, ein weitreichendes und stabiles Netzwerk von Verbindungen zwischen Norditalien und S\u00fcddeutschland aufzubauen und zu [&hellip;]<\/p>\n","protected":false},"author":1,"featured_media":0,"parent":0,"menu_order":0,"comment_status":"closed","ping_status":"closed","template":"","meta":{"_et_pb_use_builder":"on","_et_pb_old_content":"","_et_gb_content_width":"","footnotes":""},"class_list":["post-220007","page","type-page","status-publish","hentry"],"_links":{"self":[{"href":"https:\/\/windegger.net\/de\/wp-json\/wp\/v2\/pages\/220007","targetHints":{"allow":["GET"]}}],"collection":[{"href":"https:\/\/windegger.net\/de\/wp-json\/wp\/v2\/pages"}],"about":[{"href":"https:\/\/windegger.net\/de\/wp-json\/wp\/v2\/types\/page"}],"author":[{"embeddable":true,"href":"https:\/\/windegger.net\/de\/wp-json\/wp\/v2\/users\/1"}],"replies":[{"embeddable":true,"href":"https:\/\/windegger.net\/de\/wp-json\/wp\/v2\/comments?post=220007"}],"version-history":[{"count":9,"href":"https:\/\/windegger.net\/de\/wp-json\/wp\/v2\/pages\/220007\/revisions"}],"predecessor-version":[{"id":220279,"href":"https:\/\/windegger.net\/de\/wp-json\/wp\/v2\/pages\/220007\/revisions\/220279"}],"wp:attachment":[{"href":"https:\/\/windegger.net\/de\/wp-json\/wp\/v2\/media?parent=220007"}],"curies":[{"name":"wp","href":"https:\/\/api.w.org\/{rel}","templated":true}]}}