{"id":219991,"date":"2022-12-21T19:08:33","date_gmt":"2022-12-21T18:08:33","guid":{"rendered":"http:\/\/windegger.panel01bz.it-service.bz.it\/cleaning\/"},"modified":"2024-11-19T22:35:03","modified_gmt":"2024-11-19T21:35:03","slug":"cleaning","status":"publish","type":"page","link":"https:\/\/windegger.net\/de\/cleaning\/","title":{"rendered":"Cleaning"},"content":{"rendered":"<p>[et_pb_section fb_built=&#8220;1&#8243; custom_padding_last_edited=&#8220;on|phone&#8220; admin_label=&#8220;Header&#8220; _builder_version=&#8220;4.23&#8243; _module_preset=&#8220;default&#8220; use_background_color_gradient=&#8220;on&#8220; background_color_gradient_stops=&#8220;rgba(18,17,93,0.4) 88%|#0052ff 100%&#8220; background_color_gradient_overlays_image=&#8220;on&#8220; background_color_gradient_start=&#8220;rgba(18,17,93,0.4)&#8220; background_color_gradient_end=&#8220;rgba(18,17,93,0.92)&#8220; background_image=&#8220;https:\/\/windegger.net\/wp-content\/uploads\/2023\/02\/objekte.jpg&#8220; custom_padding=&#8220;230px||230px||true|&#8220; custom_padding_tablet=&#8220;100px||||false|false&#8220; custom_padding_phone=&#8220;60px||||false|false&#8220; use_background_color_gradient_tablet=&#8220;on&#8220; background_color_gradient_stops_tablet=&#8220;rgba(255,255,255,0.6) 0%|rgba(255,255,255,0.6) 100%&#8220; background_color_gradient_start_tablet=&#8220;rgba(255,255,255,0.6)&#8220; background_color_gradient_end_tablet=&#8220;rgba(255,255,255,0.6)&#8220; locked=&#8220;off&#8220; global_colors_info=&#8220;{}&#8220;][et_pb_row column_structure=&#8220;1_2,1_2&#8243; _builder_version=&#8220;4.19.4&#8243; _module_preset=&#8220;default&#8220; locked=&#8220;off&#8220; global_colors_info=&#8220;{}&#8220;][et_pb_column type=&#8220;1_2&#8243; _builder_version=&#8220;4.16&#8243; _module_preset=&#8220;default&#8220; global_colors_info=&#8220;{}&#8220;][\/et_pb_column][et_pb_column type=&#8220;1_2&#8243; _builder_version=&#8220;4.16&#8243; _module_preset=&#8220;default&#8220; global_colors_info=&#8220;{}&#8220;][et_pb_image src=&#8220;https:\/\/windegger.net\/wp-content\/uploads\/2024\/11\/W_Clean-1.png&#8220; title_text=&#8220;W_Clean&#8220; _builder_version=&#8220;4.27.3&#8243; _module_preset=&#8220;default&#8220; hover_enabled=&#8220;0&#8243; global_colors_info=&#8220;{}&#8220; align=&#8220;right&#8220; sticky_enabled=&#8220;0&#8243;][\/et_pb_image][\/et_pb_column][\/et_pb_row][\/et_pb_section][et_pb_section fb_built=&#8220;1&#8243; admin_label=&#8220;Feature&#8220; _builder_version=&#8220;4.16&#8243; _module_preset=&#8220;default&#8220; locked=&#8220;off&#8220; global_colors_info=&#8220;{}&#8220;][et_pb_row _builder_version=&#8220;4.16&#8243; _module_preset=&#8220;default&#8220; global_colors_info=&#8220;{}&#8220;][et_pb_column type=&#8220;4_4&#8243; _builder_version=&#8220;4.16&#8243; _module_preset=&#8220;default&#8220; global_colors_info=&#8220;{}&#8220;][et_pb_text _builder_version=&#8220;4.23&#8243; _module_preset=&#8220;16a54059-cc81-4572-9c70-eda6a6c419bf&#8220; text_text_color=&#8220;rgba(0,0,0,0.8)&#8220; text_font_size=&#8220;18px&#8220; text_line_height=&#8220;1.8em&#8220; link_text_color=&#8220;#000000&#8243; text_font_size_tablet=&#8220;15px&#8220; text_font_size_phone=&#8220;13px&#8220; text_font_size_last_edited=&#8220;on|phone&#8220; header_font_size_tablet=&#8220;55px&#8220; header_font_size_last_edited=&#8220;off|desktop&#8220; locked=&#8220;off&#8220; global_colors_info=&#8220;{}&#8220;]<\/p>\n<p>Dank des spezialisierten Personals und modernster Reinigungsmaschinen bietet Windegger Cleaning einen umfassenden und pr\u00e4zisen Reinigungs- und Entr\u00fcmpelungsdienst.<\/p>\n<p>&nbsp;<\/p>\n<p>Wir befassen uns mit der Reinigung von Einrichtungen des Gastgewerbes und der Gastronomie, wie z.B. Hotels und Restaurants.<\/p>\n<p>Wir bieten kontinuierliche Dienstleistungen f\u00fcr Unternehmen, Industrie, B\u00fcros sowie Heime, Schulen, Turnhallen und Banken an. Wir f\u00fchren auch die Reinigung von Fenstern, Glasfassaden und Fotovoltaikanlagen mit Hilfe von speziellen Ger\u00fcsten durch. Dar\u00fcber hinaus bieten wir Entr\u00fcmpelungsdienste direkt vor Ort mit Unterst\u00fctzung der Windegger Recycling-Anlage an, wo wir Abf\u00e4lle ordnungsgem\u00e4\u00df wiederverwerten k\u00f6nnen.<\/p>\n<p>Zudem verf\u00fcgen wir \u00fcber eine leistungsstarke Kehrmaschine, mit der wir eine gr\u00fcndliche und kosteneffiziente Reinigung sowohl in \u00f6ffentlichen als auch privaten Bereichen gew\u00e4hrleisten k\u00f6nnen. Da unsere Unternehmensmission auf der umfassenden Achtung und dem Schutz der Umwelt basiert, verwenden wir ausschlie\u00dflich biologisch abbaubare Produkte, die frei von sch\u00e4dlichen Substanzen sind.<\/p>\n<p>Dienstleistungsangebot:<\/p>\n<p>&#8211; Reinigungsdienst f\u00fcr Gastronomie-, Industrie- und Gewerbeanlagen;<\/p>\n<p>&#8211; Reinigung von Glasfassaden, Fenstern und Photovoltaikanlagen;<\/p>\n<p>&#8211; Entr\u00fcmpelungsdienst<\/p>\n<p>[\/et_pb_text][\/et_pb_column][\/et_pb_row][\/et_pb_section]<\/p>\n","protected":false},"excerpt":{"rendered":"<p>Dank des spezialisierten Personals und modernster Reinigungsmaschinen bietet Windegger Cleaning einen umfassenden und pr\u00e4zisen Reinigungs- und Entr\u00fcmpelungsdienst. &nbsp; Wir befassen uns mit der Reinigung von Einrichtungen des Gastgewerbes und der Gastronomie, wie z.B. Hotels und Restaurants. Wir bieten kontinuierliche Dienstleistungen f\u00fcr Unternehmen, Industrie, B\u00fcros sowie Heime, Schulen, Turnhallen und Banken an. Wir f\u00fchren auch die [&hellip;]<\/p>\n","protected":false},"author":1,"featured_media":0,"parent":0,"menu_order":0,"comment_status":"closed","ping_status":"closed","template":"","meta":{"_et_pb_use_builder":"on","_et_pb_old_content":"","_et_gb_content_width":"","footnotes":""},"class_list":["post-219991","page","type-page","status-publish","hentry"],"_links":{"self":[{"href":"https:\/\/windegger.net\/de\/wp-json\/wp\/v2\/pages\/219991","targetHints":{"allow":["GET"]}}],"collection":[{"href":"https:\/\/windegger.net\/de\/wp-json\/wp\/v2\/pages"}],"about":[{"href":"https:\/\/windegger.net\/de\/wp-json\/wp\/v2\/types\/page"}],"author":[{"embeddable":true,"href":"https:\/\/windegger.net\/de\/wp-json\/wp\/v2\/users\/1"}],"replies":[{"embeddable":true,"href":"https:\/\/windegger.net\/de\/wp-json\/wp\/v2\/comments?post=219991"}],"version-history":[{"count":14,"href":"https:\/\/windegger.net\/de\/wp-json\/wp\/v2\/pages\/219991\/revisions"}],"predecessor-version":[{"id":220287,"href":"https:\/\/windegger.net\/de\/wp-json\/wp\/v2\/pages\/219991\/revisions\/220287"}],"wp:attachment":[{"href":"https:\/\/windegger.net\/de\/wp-json\/wp\/v2\/media?parent=219991"}],"curies":[{"name":"wp","href":"https:\/\/api.w.org\/{rel}","templated":true}]}}